{"id":23,"date":"2012-08-29T00:10:08","date_gmt":"2012-08-28T22:10:08","guid":{"rendered":"http:\/\/www.rowdys.org\/?page_id=23"},"modified":"2012-09-10T22:26:19","modified_gmt":"2012-09-10T20:26:19","slug":"ich-rowdy","status":"publish","type":"page","link":"http:\/\/www.rowdys.org\/?page_id=23","title":{"rendered":"Ich Rowdy"},"content":{"rendered":"<p>Hier also ein paar bescheidene Worte zu meiner Person:Ich heisse Rowdy und bin ein Tiger, so richtig mit allem Drum und Dran.<\/p>\n<p>Und obgleich ich aus Stoff bin, erf\u00fcllt es mich mit Stolz zur raren Spezies der &#8222;Panthera tigris&#8220; zu z\u00e4hlen!!<\/p>\n<p>F\u00fcr all jene, die nicht so recht die Bedeutung eines Tigers kennen, hier eine kurze Abhandlung aus dem Lexikon:<\/p>\n<p>Tiger, <em>Panthera tigris,<\/em> asiat. Gro\u00dfkatzen, deren gelbliches Fell eine typische dunkle Querstreifung aufweist; werden gelegentl. auch dem Menschen gef\u00e4hrlich. (Aber wirklich nur gelegentlich. Eigentlich eher andersrum!!! Mensch rottet uns aus!!!) Die Rassen der Tropen sind fast ausschlie\u00dfl. auf die Dschungel beschr\u00e4nkt, die n\u00f6rdl. T. leben in Steppen. Hauptrassen sind: der K\u00f6nigs- oder Bengal-Tiger, der kleinere Sunda-T. u. (auf Bali, Java, Sumatra) u. der ostsibir. Mandschu-T., der mit 3m K\u00f6rperl\u00e4nge der gr\u00f6\u00dfte ist.<\/p>\n<p>Aber ich bin nat\u00fcrlich kein normales Exemplar meiner Gattung, sondern der wahrscheinlich weltweit einzige Tiger, der seine Allerweltsansichten und philosophischen Betrachtungen kurz vor der Ausrottung via Web zu verbreiten sucht!<\/p>\n<p>Aber lest selbst&#8230; Herzlichst Euer Rowdy<\/p>\n","protected":false},"excerpt":{"rendered":"<p>Hier also ein paar bescheidene Worte zu meiner Person:Ich heisse Rowdy und bin ein Tiger, so richtig mit allem Drum und Dran. Und obgleich ich aus Stoff bin, erf\u00fcllt es mich mit Stolz zur raren Spezies der &#8222;Panthera tigris&#8220; zu &hellip; <a href=\"http:\/\/www.rowdys.org\/?page_id=23\">Weiterlesen <span class=\"meta-nav\">&rarr;<\/span><\/a><\/p>\n","protected":false},"author":1,"featured_media":0,"parent":0,"menu_order":0,"comment_status":"closed","ping_status":"closed","template":"sidebar-page.php","meta":{"footnotes":""},"class_list":["post-23","page","type-page","status-publish","hentry"],"_links":{"self":[{"href":"http:\/\/www.rowdys.org\/index.php?rest_route=\/wp\/v2\/pages\/23","targetHints":{"allow":["GET"]}}],"collection":[{"href":"http:\/\/www.rowdys.org\/index.php?rest_route=\/wp\/v2\/pages"}],"about":[{"href":"http:\/\/www.rowdys.org\/index.php?rest_route=\/wp\/v2\/types\/page"}],"author":[{"embeddable":true,"href":"http:\/\/www.rowdys.org\/index.php?rest_route=\/wp\/v2\/users\/1"}],"replies":[{"embeddable":true,"href":"http:\/\/www.rowdys.org\/index.php?rest_route=%2Fwp%2Fv2%2Fcomments&post=23"}],"version-history":[{"count":14,"href":"http:\/\/www.rowdys.org\/index.php?rest_route=\/wp\/v2\/pages\/23\/revisions"}],"predecessor-version":[{"id":147,"href":"http:\/\/www.rowdys.org\/index.php?rest_route=\/wp\/v2\/pages\/23\/revisions\/147"}],"wp:attachment":[{"href":"http:\/\/www.rowdys.org\/index.php?rest_route=%2Fwp%2Fv2%2Fmedia&parent=23"}],"curies":[{"name":"wp","href":"https:\/\/api.w.org\/{rel}","templated":true}]}}